{"id":15121,"date":"2025-06-13T14:44:51","date_gmt":"2025-06-13T12:44:51","guid":{"rendered":"https:\/\/www.kartsana.com\/assistance-technique-%c2%b7-enregistrement-de-la-garantie\/"},"modified":"2025-06-17T12:17:15","modified_gmt":"2025-06-17T10:17:15","slug":"sat","status":"publish","type":"page","link":"https:\/\/www.kartsana.com\/fr\/sat\/","title":{"rendered":"Assistance technique \u00b7 Enregistrement de la garantie"},"content":{"rendered":"<section class=\"l-section wpb_row height_huge with_img\"><div class=\"l-section-img\" role=\"img\" aria-label=\"Image\" data-img-width=\"1920\" data-img-height=\"1280\" style=\"background-image: url(https:\/\/www.kartsana.com\/wp-content\/uploads\/2022\/06\/intro_accio_kartsanabn-e1655802366348.jpg);background-position: top center;background-repeat: no-repeat;\"><\/div><div class=\"l-section-h i-cf\"><div class=\"g-cols vc_row via_flex valign_top type_default stacking_default\"><div class=\"vc_col-sm-12 wpb_column vc_column_container\"><div class=\"vc_column-inner\"><div class=\"wpb_wrapper\"><div class=\"w-separator size_custom\" style=\"height:5vh\"><\/div><div class=\"g-cols wpb_row via_flex valign_middle type_boxes stacking_default\"><div class=\"vc_col-sm-12 wpb_column vc_column_container\"><div class=\"vc_column-inner\"><div class=\"wpb_wrapper\"><h2 class=\"w-post-elm post_title us_custom_eae04930 has_text_color align_center entry-title color_link_inherit\">Assistance technique \u00b7 Enregistrement de la garantie<\/h2><\/div><\/div><\/div><\/div><div class=\"w-separator size_custom\" style=\"height:5vh\"><\/div><\/div><\/div><\/div><\/div><\/div><\/section><section class=\"l-section wpb_row height_large\"><div class=\"l-section-h i-cf\"><div class=\"g-cols vc_row via_flex valign_top type_default stacking_default\"><div class=\"vc_col-sm-12 wpb_column vc_column_container\"><div class=\"vc_column-inner\"><div class=\"wpb_wrapper\"><div class=\"g-cols wpb_row via_flex valign_top type_default stacking_default\"><div class=\"vc_col-sm-12 wpb_column vc_column_container\"><div class=\"vc_column-inner\"><div class=\"wpb_wrapper\"><div class=\"wpb_text_column\"><div class=\"wpb_wrapper\"><h3 style=\"text-align: center;\">Votre canal d&rsquo;assistance, d&rsquo;enregistrement et de service apr\u00e8s-vente pour nos produits.<br \/>\nEnregistrez votre produit et profitez des avantages de la garantie prolong\u00e9e.<\/h3>\n<\/div><\/div><\/div><\/div><\/div><\/div><div class=\"w-separator size_large\"><\/div><div class=\"g-cols wpb_row via_flex valign_top type_default stacking_default\"><div class=\"vc_col-sm-4 wpb_column vc_column_container\"><div class=\"vc_column-inner\"><div class=\"wpb_wrapper\"><div class=\"w-iconbox iconpos_top style_default color_custom align_center\"><a title=\"SAT\" href=\"https:\/\/kartsana.freshdesk.com\/es\/support\/login\" class=\"w-iconbox-link\" aria-label=\"SAT\"><div class=\"w-iconbox-icon\" style=\"font-size:40px;--icon-color:#b6cc04;\"><i class=\"fal fa-headset\"><\/i><\/div><\/a><div class=\"w-iconbox-meta\"><h4 class=\"w-iconbox-title\"><a title=\"SAT\" href=\"https:\/\/kartsana.freshdesk.com\/es\/support\/login\" class=\"w-iconbox-link\" aria-label=\"SAT\">SAT<\/a><\/h4><div class=\"w-iconbox-text\"><p>Vous avez besoin d&rsquo;une assistance technique pour nos produits ?<\/p>\n<\/div><\/div><\/div><\/div><\/div><\/div><div class=\"vc_col-sm-4 wpb_column vc_column_container\"><div class=\"vc_column-inner\"><div class=\"wpb_wrapper\"><div class=\"w-iconbox iconpos_top style_default color_custom align_center\"><a title=\"Garantie\" href=\"https:\/\/www.kartsana.com\/fr\/assistance-technique-\u00b7-enregistrement-de-la-garantie\/formulaire-denregistrement\/\" class=\"w-iconbox-link\" aria-label=\"Garantie\"><div class=\"w-iconbox-icon\" style=\"font-size:40px;--icon-color:#b6cc04;\"><i class=\"fal fa-shield-check\"><\/i><\/div><\/a><div class=\"w-iconbox-meta\"><h4 class=\"w-iconbox-title\"><a title=\"Garantie\" href=\"https:\/\/www.kartsana.com\/fr\/assistance-technique-\u00b7-enregistrement-de-la-garantie\/formulaire-denregistrement\/\" class=\"w-iconbox-link\" aria-label=\"Garantie\">Garantie<\/a><\/h4><div class=\"w-iconbox-text\"><p>Enregistrez votre produit et profitez des avantages de la <strong>garantie prolong\u00e9e<\/strong>.<\/p>\n<\/div><\/div><\/div><\/div><\/div><\/div><div class=\"vc_col-sm-4 wpb_column vc_column_container\"><div class=\"vc_column-inner\"><div class=\"wpb_wrapper\"><div class=\"w-iconbox iconpos_top style_default color_custom align_center\"><a title=\"Pi\u00e9ces de rechange\" href=\"https:\/\/recambios.kartsana.com\/\" class=\"w-iconbox-link\" aria-label=\"Pi\u00e9ces de rechange\"><div class=\"w-iconbox-icon\" style=\"font-size:40px;--icon-color:#b6cc04;\"><i class=\"fal fa-tools\"><\/i><\/div><\/a><div class=\"w-iconbox-meta\"><h4 class=\"w-iconbox-title\"><a title=\"Pi\u00e9ces de rechange\" href=\"https:\/\/recambios.kartsana.com\/\" class=\"w-iconbox-link\" aria-label=\"Pi\u00e9ces de rechange\">Pi\u00e9ces de rechange<\/a><\/h4><div class=\"w-iconbox-text\"><p>Commandez vos pi\u00e8ces de rechange en ligne.<br \/><strong>-PROCHAINEMENT-<\/strong><\/p>\n<\/div><\/div><\/div><\/div><\/div><\/div><\/div><\/div><\/div><\/div><\/div><\/div><\/section>\n","protected":false},"excerpt":{"rendered":"Assistance technique \u00b7 Enregistrement de la garantieVotre canal d&rsquo;assistance, d&rsquo;enregistrement et de service apr\u00e8s-vente pour nos produits. Enregistrez votre produit et profitez des avantages de la garantie prolong\u00e9e. SATVous avez besoin d'une assistance technique pour nos produits ? GarantieEnregistrez votre produit et profitez des avantages de la garantie prolong\u00e9e. Pi\u00e9ces de rechangeCommandez vos pi\u00e8ces de...","protected":false},"author":5,"featured_media":0,"parent":0,"menu_order":0,"comment_status":"closed","ping_status":"closed","template":"","meta":{"footnotes":""},"class_list":["post-15121","page","type-page","status-publish","hentry"],"yoast_head":"<!-- This site is optimized with the Yoast SEO plugin v27.4 - https:\/\/yoast.com\/product\/yoast-seo-wordpress\/ -->\n<title>Assistance technique \u00b7 Enregistrement de la garantie - KARTSANA<\/title>\n<meta name=\"robots\" content=\"index, follow, max-snippet:-1, max-image-preview:large, max-video-preview:-1\" \/>\n<link rel=\"canonical\" href=\"https:\/\/www.kartsana.com\/fr\/sat\/\" \/>\n<meta property=\"og:locale\" content=\"fr_FR\" \/>\n<meta property=\"og:type\" content=\"article\" \/>\n<meta property=\"og:title\" content=\"Assistance technique \u00b7 Enregistrement de la garantie - KARTSANA\" \/>\n<meta property=\"og:url\" content=\"https:\/\/www.kartsana.com\/fr\/sat\/\" \/>\n<meta property=\"og:site_name\" content=\"KARTSANA\" \/>\n<meta property=\"article:publisher\" content=\"https:\/\/www.facebook.com\/kartsanasl\" \/>\n<meta property=\"article:modified_time\" content=\"2025-06-17T10:17:15+00:00\" \/>\n<meta name=\"twitter:card\" content=\"summary_large_image\" \/>\n<meta name=\"twitter:label1\" content=\"Dur\u00e9e de lecture estim\u00e9e\" \/>\n\t<meta name=\"twitter:data1\" content=\"2 minutes\" \/>\n<script type=\"application\/ld+json\" class=\"yoast-schema-graph\">{\"@context\":\"https:\\\/\\\/schema.org\",\"@graph\":[{\"@type\":\"WebPage\",\"@id\":\"https:\\\/\\\/www.kartsana.com\\\/fr\\\/sat\\\/\",\"url\":\"https:\\\/\\\/www.kartsana.com\\\/fr\\\/sat\\\/\",\"name\":\"Assistance technique \u00b7 Enregistrement de la garantie - KARTSANA\",\"isPartOf\":{\"@id\":\"https:\\\/\\\/www.kartsana.com\\\/fr\\\/#website\"},\"datePublished\":\"2025-06-13T12:44:51+00:00\",\"dateModified\":\"2025-06-17T10:17:15+00:00\",\"breadcrumb\":{\"@id\":\"https:\\\/\\\/www.kartsana.com\\\/fr\\\/sat\\\/#breadcrumb\"},\"inLanguage\":\"fr-FR\",\"potentialAction\":[{\"@type\":\"ReadAction\",\"target\":[\"https:\\\/\\\/www.kartsana.com\\\/fr\\\/sat\\\/\"]}]},{\"@type\":\"BreadcrumbList\",\"@id\":\"https:\\\/\\\/www.kartsana.com\\\/fr\\\/sat\\\/#breadcrumb\",\"itemListElement\":[{\"@type\":\"ListItem\",\"position\":1,\"name\":\"Portada\",\"item\":\"https:\\\/\\\/www.kartsana.com\\\/fr\\\/\"},{\"@type\":\"ListItem\",\"position\":2,\"name\":\"Assistance technique \u00b7 Enregistrement de la garantie\"}]},{\"@type\":\"WebSite\",\"@id\":\"https:\\\/\\\/www.kartsana.com\\\/fr\\\/#website\",\"url\":\"https:\\\/\\\/www.kartsana.com\\\/fr\\\/\",\"name\":\"KARTSANA\",\"description\":\"\",\"publisher\":{\"@id\":\"https:\\\/\\\/www.kartsana.com\\\/fr\\\/#organization\"},\"potentialAction\":[{\"@type\":\"SearchAction\",\"target\":{\"@type\":\"EntryPoint\",\"urlTemplate\":\"https:\\\/\\\/www.kartsana.com\\\/fr\\\/?s={search_term_string}\"},\"query-input\":{\"@type\":\"PropertyValueSpecification\",\"valueRequired\":true,\"valueName\":\"search_term_string\"}}],\"inLanguage\":\"fr-FR\"},{\"@type\":\"Organization\",\"@id\":\"https:\\\/\\\/www.kartsana.com\\\/fr\\\/#organization\",\"name\":\"KARTSANA\",\"url\":\"https:\\\/\\\/www.kartsana.com\\\/fr\\\/\",\"logo\":{\"@type\":\"ImageObject\",\"inLanguage\":\"fr-FR\",\"@id\":\"https:\\\/\\\/www.kartsana.com\\\/fr\\\/#\\\/schema\\\/logo\\\/image\\\/\",\"url\":\"https:\\\/\\\/www.kartsana.com\\\/wp-content\\\/uploads\\\/2021\\\/06\\\/K-r-negre.png\",\"contentUrl\":\"https:\\\/\\\/www.kartsana.com\\\/wp-content\\\/uploads\\\/2021\\\/06\\\/K-r-negre.png\",\"width\":512,\"height\":512,\"caption\":\"KARTSANA\"},\"image\":{\"@id\":\"https:\\\/\\\/www.kartsana.com\\\/fr\\\/#\\\/schema\\\/logo\\\/image\\\/\"},\"sameAs\":[\"https:\\\/\\\/www.facebook.com\\\/kartsanasl\",\"https:\\\/\\\/www.linkedin.com\\\/company\\\/10803984\",\"https:\\\/\\\/www.youtube.com\\\/channel\\\/UCnLLy8mszPPbETIh-5K7lgQ\"]}]}<\/script>\n<!-- \/ Yoast SEO plugin. -->","yoast_head_json":{"title":"Assistance technique \u00b7 Enregistrement de la garantie - KARTSANA","robots":{"index":"index","follow":"follow","max-snippet":"max-snippet:-1","max-image-preview":"max-image-preview:large","max-video-preview":"max-video-preview:-1"},"canonical":"https:\/\/www.kartsana.com\/fr\/sat\/","og_locale":"fr_FR","og_type":"article","og_title":"Assistance technique \u00b7 Enregistrement de la garantie - KARTSANA","og_url":"https:\/\/www.kartsana.com\/fr\/sat\/","og_site_name":"KARTSANA","article_publisher":"https:\/\/www.facebook.com\/kartsanasl","article_modified_time":"2025-06-17T10:17:15+00:00","twitter_card":"summary_large_image","twitter_misc":{"Dur\u00e9e de lecture estim\u00e9e":"2 minutes"},"schema":{"@context":"https:\/\/schema.org","@graph":[{"@type":"WebPage","@id":"https:\/\/www.kartsana.com\/fr\/sat\/","url":"https:\/\/www.kartsana.com\/fr\/sat\/","name":"Assistance technique \u00b7 Enregistrement de la garantie - KARTSANA","isPartOf":{"@id":"https:\/\/www.kartsana.com\/fr\/#website"},"datePublished":"2025-06-13T12:44:51+00:00","dateModified":"2025-06-17T10:17:15+00:00","breadcrumb":{"@id":"https:\/\/www.kartsana.com\/fr\/sat\/#breadcrumb"},"inLanguage":"fr-FR","potentialAction":[{"@type":"ReadAction","target":["https:\/\/www.kartsana.com\/fr\/sat\/"]}]},{"@type":"BreadcrumbList","@id":"https:\/\/www.kartsana.com\/fr\/sat\/#breadcrumb","itemListElement":[{"@type":"ListItem","position":1,"name":"Portada","item":"https:\/\/www.kartsana.com\/fr\/"},{"@type":"ListItem","position":2,"name":"Assistance technique \u00b7 Enregistrement de la garantie"}]},{"@type":"WebSite","@id":"https:\/\/www.kartsana.com\/fr\/#website","url":"https:\/\/www.kartsana.com\/fr\/","name":"KARTSANA","description":"","publisher":{"@id":"https:\/\/www.kartsana.com\/fr\/#organization"},"potentialAction":[{"@type":"SearchAction","target":{"@type":"EntryPoint","urlTemplate":"https:\/\/www.kartsana.com\/fr\/?s={search_term_string}"},"query-input":{"@type":"PropertyValueSpecification","valueRequired":true,"valueName":"search_term_string"}}],"inLanguage":"fr-FR"},{"@type":"Organization","@id":"https:\/\/www.kartsana.com\/fr\/#organization","name":"KARTSANA","url":"https:\/\/www.kartsana.com\/fr\/","logo":{"@type":"ImageObject","inLanguage":"fr-FR","@id":"https:\/\/www.kartsana.com\/fr\/#\/schema\/logo\/image\/","url":"https:\/\/www.kartsana.com\/wp-content\/uploads\/2021\/06\/K-r-negre.png","contentUrl":"https:\/\/www.kartsana.com\/wp-content\/uploads\/2021\/06\/K-r-negre.png","width":512,"height":512,"caption":"KARTSANA"},"image":{"@id":"https:\/\/www.kartsana.com\/fr\/#\/schema\/logo\/image\/"},"sameAs":["https:\/\/www.facebook.com\/kartsanasl","https:\/\/www.linkedin.com\/company\/10803984","https:\/\/www.youtube.com\/channel\/UCnLLy8mszPPbETIh-5K7lgQ"]}]}},"_links":{"self":[{"href":"https:\/\/www.kartsana.com\/fr\/wp-json\/wp\/v2\/pages\/15121","targetHints":{"allow":["GET"]}}],"collection":[{"href":"https:\/\/www.kartsana.com\/fr\/wp-json\/wp\/v2\/pages"}],"about":[{"href":"https:\/\/www.kartsana.com\/fr\/wp-json\/wp\/v2\/types\/page"}],"author":[{"embeddable":true,"href":"https:\/\/www.kartsana.com\/fr\/wp-json\/wp\/v2\/users\/5"}],"replies":[{"embeddable":true,"href":"https:\/\/www.kartsana.com\/fr\/wp-json\/wp\/v2\/comments?post=15121"}],"version-history":[{"count":6,"href":"https:\/\/www.kartsana.com\/fr\/wp-json\/wp\/v2\/pages\/15121\/revisions"}],"predecessor-version":[{"id":15165,"href":"https:\/\/www.kartsana.com\/fr\/wp-json\/wp\/v2\/pages\/15121\/revisions\/15165"}],"wp:attachment":[{"href":"https:\/\/www.kartsana.com\/fr\/wp-json\/wp\/v2\/media?parent=15121"}],"curies":[{"name":"wp","href":"https:\/\/api.w.org\/{rel}","templated":true}]}}